{"id":240,"date":"2021-09-27T19:38:13","date_gmt":"2021-09-27T19:38:13","guid":{"rendered":"https:\/\/www.icin-conference.org\/?page_id=240"},"modified":"2021-12-20T17:19:35","modified_gmt":"2021-12-20T17:19:35","slug":"tpc-members","status":"publish","type":"page","link":"https:\/\/www.icin-conference.org\/2022\/tpc-members\/","title":{"rendered":"TPC Members"},"content":{"rendered":"\n<h4><strong>ICIN 2021 TPC Members<\/strong><\/h4>\n\n\n\n<p>TPC<\/p>\n\n\n\n<figure class=\"wp-block-table\"><table><tbody><tr><td>Luigi Atzori<\/td><td>University of Cagliari<\/td><td>Italy<\/td><\/tr><tr><td>Paolo Bellavista<\/td><td>University of Bologna<\/td><td>Italy<\/td><\/tr><tr><td>Hendrik Berndt<\/td><td>ComTec, Universit\u00e4t Kassel<\/td><td>Germany<\/td><\/tr><tr><td>Emmanuel Bertin<\/td><td>Orange Labs<\/td><td>France<\/td><\/tr><tr><td>Piotr Bory\u0142o<\/td><td>AGH University of Science and Technology<\/td><td>Poland<\/td><\/tr><tr><td>Mohamed Boucadair<\/td><td>Orange<\/td><td>France<\/td><\/tr><tr><td>Olivier Brun<\/td><td>Laboratoire d&#8217;Analyse et d&#8217;Architecture des Systemes<\/td><td>France<\/td><\/tr><tr><td>Roberto Bruschi<\/td><td>CNIT<\/td><td>Italy<\/td><\/tr><tr><td>Franco Callegati<\/td><td>Universita` di Bologna<\/td><td>Italy<\/td><\/tr><tr><td>Haotong Cao<\/td><td>The Hong Kong Polytechnic University<\/td><td>China<\/td><\/tr><tr><td>Marc Cheboldaeff<\/td><td>Cognizant<\/td><td>Germany<\/td><\/tr><tr><td>Antonio Cianfrani<\/td><td>University of Rome Sapienza<\/td><td>Italy<\/td><\/tr><tr><td>Laurent Ciavaglia<\/td><td>Rakuten<\/td><td>France<\/td><\/tr><tr><td>Donald Clarke<\/td><td>Telecom Foresight Consulting, LLC<\/td><td>USA<\/td><\/tr><tr><td>Luis M. Contreras<\/td><td>Telefonica<\/td><td>Spain<\/td><\/tr><tr><td>Estefania Coronado<\/td><td>Fundaci\u00f3 i2CAT, Internet i Innovaci\u00f3 Digital a Catalunya<\/td><td>Spain<\/td><\/tr><tr><td>Fabio D&#8217;Andreagiovanni<\/td><td>CNRS, Sorbonne University &#8211; UTC<\/td><td>France<\/td><\/tr><tr><td>Luca Davoli<\/td><td>University of Parma<\/td><td>Italy<\/td><\/tr><tr><td>Sudharsan Dhamal Gopalarathnam<\/td><td>Nvidia Redmond<\/td><td>USA<\/td><\/tr><tr><td>Guillaume Doyen<\/td><td>IMT Atlantique<\/td><td>France<\/td><\/tr><tr><td>Mohamed Amine Ferrag<\/td><td>Guelma University<\/td><td>Algeria<\/td><\/tr><tr><td>J\u00e9r\u00f4me Fran\u00e7ois<\/td><td>INRIA Nancy Grand Est<\/td><td>France<\/td><\/tr><tr><td>Valerio Frascolla<\/td><td>Intel Deutschland Gmbh<\/td><td>Germany<\/td><\/tr><tr><td>Fabrice Guillemin<\/td><td>Orange Labs<\/td><td>France<\/td><\/tr><tr><td>Kamel Haddadou<\/td><td>GANDI SAS<\/td><td>France<\/td><\/tr><tr><td>Kai Huang<\/td><td>Nanjing Agricultural University<\/td><td>China<\/td><\/tr><tr><td>Xiaodi Huang<\/td><td>Charles Sturt University<\/td><td>Australia<\/td><\/tr><tr><td>Filip Idzikowski<\/td><td>Poznan University of Technology<\/td><td>Poland<\/td><\/tr><tr><td>Eduardo Jacob<\/td><td>University of the Basque Country<\/td><td>Spain<\/td><\/tr><tr><td>Christian Jacquenet<\/td><td>Orange Labs<\/td><td>France<\/td><\/tr><tr><td>Stephen Johnson<\/td><td>BT<\/td><td>United Kingdom (Great Britain)<\/td><\/tr><tr><td>Ern\u00f6 Kovacs<\/td><td>NEC Europe Laboratories GmbH<\/td><td>Germany<\/td><\/tr><tr><td>Slawomir Kuklinski<\/td><td>Orange Polska<\/td><td>Poland<\/td><\/tr><tr><td>Axel K\u00fcpper<\/td><td>TU Berlin<\/td><td>Germany<\/td><\/tr><tr><td>Jeremie Leguay<\/td><td>Huawei Technologies, France Research Center<\/td><td>France<\/td><\/tr><tr><td>Jonathan Lejeune<\/td><td>Sorbonne Universit\u00e9<\/td><td>France<\/td><\/tr><tr><td>Feng Liu<\/td><td>Huawei<\/td><td>Germany<\/td><\/tr><tr><td>Jun Liu<\/td><td>Guangdong University of Technology<\/td><td>China<\/td><\/tr><tr><td>Xuan Liu<\/td><td>AT&amp;T Labs Research<\/td><td>USA<\/td><\/tr><tr><td>Xuan Liu<\/td><td>Yangzhou University<\/td><td>China<\/td><\/tr><tr><td>Ye Liu<\/td><td>Nanjing Agricultural University<\/td><td>China<\/td><\/tr><tr><td>Toktam Mahmoodi<\/td><td>King&#8217;s College London<\/td><td>United Kingdom (Great Britain)<\/td><\/tr><tr><td>Pedro Martinez-Julia<\/td><td>National Institute of Information and Communications Technology<\/td><td>Japan<\/td><\/tr><tr><td>S\u00e9bastien Monnet<\/td><td>LISTIC\/Universit\u00e9 Savoie Mont Blanc<\/td><td>France<\/td><\/tr><tr><td>Tetsuya Nakamura<\/td><td>Amazon Web Services<\/td><td>USA<\/td><\/tr><tr><td>Michele Nogueira<\/td><td>Federal University of Minas Gerais<\/td><td>Brazil<\/td><\/tr><tr><td>Rogier Noldus<\/td><td>Ericsson<\/td><td>The Netherlands<\/td><\/tr><tr><td>John O&#8217;Connell<\/td><td>Hewlett Packard Enterprise<\/td><td>France<\/td><\/tr><tr><td>Fernando Oliveira<\/td><td>Verizon<\/td><td>USA<\/td><\/tr><tr><td>Claudio Palazzi<\/td><td>University of Padua<\/td><td>Italy<\/td><\/tr><tr><td>Stefano Paris<\/td><td>Nokia Bell Labs<\/td><td>France<\/td><\/tr><tr><td>Benoit Parrein<\/td><td>LS2N, University of Nantes<\/td><td>France<\/td><\/tr><tr><td>Helge Parzyjegla<\/td><td>University of Rostock<\/td><td>Germany<\/td><\/tr><tr><td>Nancy Perrot<\/td><td>Orange Labs<\/td><td>France<\/td><\/tr><tr><td>Guy Pujolle<\/td><td>Sorbonne University<\/td><td>France<\/td><\/tr><tr><td>Han Qiu<\/td><td>Telecom-Paristech<\/td><td>France<\/td><\/tr><tr><td>Roberto Riggio<\/td><td>Universit\u00e0 Politecnica Delle Marche<\/td><td>Italy<\/td><\/tr><tr><td>Fulvio Risso<\/td><td>Politecnico di Torino<\/td><td>Italy<\/td><\/tr><tr><td>Fran\u00e7oise Sailhan<\/td><td>CNAM<\/td><td>France<\/td><\/tr><tr><td>Jos\u00e9 S\u00e1nchez Vilchez<\/td><td>Orange Labs<\/td><td>France<\/td><\/tr><tr><td>Muge Sayit<\/td><td>Ege University<\/td><td>Turkey<\/td><\/tr><tr><td>Jean-Christophe Schiel<\/td><td>Airbus Defence and Space<\/td><td>France<\/td><\/tr><tr><td>Stefano Secci<\/td><td>Cnam<\/td><td>France<\/td><\/tr><tr><td>Keiichi Shima<\/td><td>IIJ Innovation Institute<\/td><td>Japan<\/td><\/tr><tr><td>Kohei Shiomoto<\/td><td>Tokyo City University<\/td><td>Japan<\/td><\/tr><tr><td>Domenico Siracusa<\/td><td>Fondazione Bruno Kessler<\/td><td>Italy<\/td><\/tr><tr><td>Staffan Skogby<\/td><td>ALTEN Sweden<\/td><td>Sweden<\/td><\/tr><tr><td>Razvan Stanica<\/td><td>INSA Lyon<\/td><td>France<\/td><\/tr><tr><td>Francesco Tusa<\/td><td>University College London<\/td><td>United Kingdom (Great Britain)<\/td><\/tr><tr><td>Kurt Tutschku<\/td><td>Blekinge Institute of Technology<\/td><td>Sweden<\/td><\/tr><tr><td>Juanjo Unzilla<\/td><td>University of the Basque Country<\/td><td>Spain<\/td><\/tr><tr><td>Shaohua Wan<\/td><td>Zhongnan University of Economics and Law<\/td><td>China<\/td><\/tr><tr><td>Chen Wang<\/td><td>Huazhong University of Science and Technology<\/td><td>China<\/td><\/tr><tr><td>Otto Wittner<\/td><td>Uninett<\/td><td>Norway<\/td><\/tr><tr><td>Tianzhu Zhang<\/td><td>Nokia Bell Labs<\/td><td>France<\/td><\/tr><tr><td>C\u00e9dric Morin <\/td><td>IRT b-com<\/td><td>France<\/td><\/tr><tr><td>Sunku Ranganath<\/td><td>Intel Corporation<\/td><td>USA<\/td><\/tr><tr><td>Tara Yahiya<\/td><td>Universite Paris Saclay<\/td><td>France<\/td><\/tr><tr><td>Anurag Thantharate<\/td><td>University of Missouri Kansas City<\/td><td>USA<\/td><\/tr><\/tbody><\/table><\/figure>\n","protected":false},"excerpt":{"rendered":"<p>ICIN 2021 TPC Members TPC Luigi &hellip; <a href=\"https:\/\/www.icin-conference.org\/2022\/tpc-members\/\">Continue reading <span class=\"meta-nav\">&rarr;<\/span><\/a><\/p>\n","protected":false},"author":1,"featured_media":0,"parent":0,"menu_order":0,"comment_status":"closed","ping_status":"closed","template":"","meta":[],"yoast_head":"<!-- This site is optimized with the Yoast SEO plugin v17.9 - https:\/\/yoast.com\/wordpress\/plugins\/seo\/ -->\n<title>TPC Members - ICIN 2022<\/title>\n<meta name=\"robots\" content=\"index, follow, max-snippet:-1, max-image-preview:large, max-video-preview:-1\" \/>\n<link rel=\"canonical\" href=\"https:\/\/www.icin-conference.org\/2022\/tpc-members\/\" \/>\n<meta property=\"og:locale\" content=\"en_US\" \/>\n<meta property=\"og:type\" content=\"article\" \/>\n<meta property=\"og:title\" content=\"TPC Members - ICIN 2022\" \/>\n<meta property=\"og:description\" content=\"ICIN 2021 TPC Members TPC Luigi &hellip; Continue reading &rarr;\" \/>\n<meta property=\"og:url\" content=\"https:\/\/www.icin-conference.org\/2022\/tpc-members\/\" \/>\n<meta property=\"og:site_name\" content=\"ICIN 2022\" \/>\n<meta property=\"article:modified_time\" content=\"2021-12-20T17:19:35+00:00\" \/>\n<meta name=\"twitter:card\" content=\"summary_large_image\" \/>\n<meta name=\"twitter:label1\" content=\"Est. reading time\" \/>\n\t<meta name=\"twitter:data1\" content=\"3 minutes\" \/>\n<script type=\"application\/ld+json\" class=\"yoast-schema-graph\">{\"@context\":\"https:\/\/schema.org\",\"@graph\":[{\"@type\":\"Organization\",\"@id\":\"https:\/\/www.icin-conference.org\/2022\/#organization\",\"name\":\"ICIN 2022\",\"url\":\"https:\/\/www.icin-conference.org\/2022\/\",\"sameAs\":[],\"logo\":{\"@type\":\"ImageObject\",\"@id\":\"https:\/\/www.icin-conference.org\/2022\/#logo\",\"inLanguage\":\"en-US\",\"url\":\"https:\/\/www.icin-conference.org\/wp-content\/uploads\/2021\/05\/ICIN-2022-Logo-1.png\",\"contentUrl\":\"https:\/\/www.icin-conference.org\/wp-content\/uploads\/2021\/05\/ICIN-2022-Logo-1.png\",\"width\":2000,\"height\":1404,\"caption\":\"ICIN 2022\"},\"image\":{\"@id\":\"https:\/\/www.icin-conference.org\/2022\/#logo\"}},{\"@type\":\"WebSite\",\"@id\":\"https:\/\/www.icin-conference.org\/2022\/#website\",\"url\":\"https:\/\/www.icin-conference.org\/2022\/\",\"name\":\"ICIN 2022\",\"description\":\"25th Conference on Innovation in Clouds, Internet and Networks (ICIN)\",\"publisher\":{\"@id\":\"https:\/\/www.icin-conference.org\/2022\/#organization\"},\"potentialAction\":[{\"@type\":\"SearchAction\",\"target\":{\"@type\":\"EntryPoint\",\"urlTemplate\":\"https:\/\/www.icin-conference.org\/2022\/?s={search_term_string}\"},\"query-input\":\"required name=search_term_string\"}],\"inLanguage\":\"en-US\"},{\"@type\":\"WebPage\",\"@id\":\"https:\/\/www.icin-conference.org\/2022\/tpc-members\/#webpage\",\"url\":\"https:\/\/www.icin-conference.org\/2022\/tpc-members\/\",\"name\":\"TPC Members - ICIN 2022\",\"isPartOf\":{\"@id\":\"https:\/\/www.icin-conference.org\/2022\/#website\"},\"datePublished\":\"2021-09-27T19:38:13+00:00\",\"dateModified\":\"2021-12-20T17:19:35+00:00\",\"breadcrumb\":{\"@id\":\"https:\/\/www.icin-conference.org\/2022\/tpc-members\/#breadcrumb\"},\"inLanguage\":\"en-US\",\"potentialAction\":[{\"@type\":\"ReadAction\",\"target\":[\"https:\/\/www.icin-conference.org\/2022\/tpc-members\/\"]}]},{\"@type\":\"BreadcrumbList\",\"@id\":\"https:\/\/www.icin-conference.org\/2022\/tpc-members\/#breadcrumb\",\"itemListElement\":[{\"@type\":\"ListItem\",\"position\":1,\"name\":\"Home\",\"item\":\"https:\/\/www.icin-conference.org\/2022\/\"},{\"@type\":\"ListItem\",\"position\":2,\"name\":\"TPC Members\"}]}]}<\/script>\n<!-- \/ Yoast SEO plugin. -->","yoast_head_json":{"title":"TPC Members - ICIN 2022","robots":{"index":"index","follow":"follow","max-snippet":"max-snippet:-1","max-image-preview":"max-image-preview:large","max-video-preview":"max-video-preview:-1"},"canonical":"https:\/\/www.icin-conference.org\/2022\/tpc-members\/","og_locale":"en_US","og_type":"article","og_title":"TPC Members - ICIN 2022","og_description":"ICIN 2021 TPC Members TPC Luigi &hellip; Continue reading &rarr;","og_url":"https:\/\/www.icin-conference.org\/2022\/tpc-members\/","og_site_name":"ICIN 2022","article_modified_time":"2021-12-20T17:19:35+00:00","twitter_card":"summary_large_image","twitter_misc":{"Est. reading time":"3 minutes"},"schema":{"@context":"https:\/\/schema.org","@graph":[{"@type":"Organization","@id":"https:\/\/www.icin-conference.org\/2022\/#organization","name":"ICIN 2022","url":"https:\/\/www.icin-conference.org\/2022\/","sameAs":[],"logo":{"@type":"ImageObject","@id":"https:\/\/www.icin-conference.org\/2022\/#logo","inLanguage":"en-US","url":"https:\/\/www.icin-conference.org\/wp-content\/uploads\/2021\/05\/ICIN-2022-Logo-1.png","contentUrl":"https:\/\/www.icin-conference.org\/wp-content\/uploads\/2021\/05\/ICIN-2022-Logo-1.png","width":2000,"height":1404,"caption":"ICIN 2022"},"image":{"@id":"https:\/\/www.icin-conference.org\/2022\/#logo"}},{"@type":"WebSite","@id":"https:\/\/www.icin-conference.org\/2022\/#website","url":"https:\/\/www.icin-conference.org\/2022\/","name":"ICIN 2022","description":"25th Conference on Innovation in Clouds, Internet and Networks (ICIN)","publisher":{"@id":"https:\/\/www.icin-conference.org\/2022\/#organization"},"potentialAction":[{"@type":"SearchAction","target":{"@type":"EntryPoint","urlTemplate":"https:\/\/www.icin-conference.org\/2022\/?s={search_term_string}"},"query-input":"required name=search_term_string"}],"inLanguage":"en-US"},{"@type":"WebPage","@id":"https:\/\/www.icin-conference.org\/2022\/tpc-members\/#webpage","url":"https:\/\/www.icin-conference.org\/2022\/tpc-members\/","name":"TPC Members - ICIN 2022","isPartOf":{"@id":"https:\/\/www.icin-conference.org\/2022\/#website"},"datePublished":"2021-09-27T19:38:13+00:00","dateModified":"2021-12-20T17:19:35+00:00","breadcrumb":{"@id":"https:\/\/www.icin-conference.org\/2022\/tpc-members\/#breadcrumb"},"inLanguage":"en-US","potentialAction":[{"@type":"ReadAction","target":["https:\/\/www.icin-conference.org\/2022\/tpc-members\/"]}]},{"@type":"BreadcrumbList","@id":"https:\/\/www.icin-conference.org\/2022\/tpc-members\/#breadcrumb","itemListElement":[{"@type":"ListItem","position":1,"name":"Home","item":"https:\/\/www.icin-conference.org\/2022\/"},{"@type":"ListItem","position":2,"name":"TPC Members"}]}]}},"_links":{"self":[{"href":"https:\/\/www.icin-conference.org\/2022\/wp-json\/wp\/v2\/pages\/240"}],"collection":[{"href":"https:\/\/www.icin-conference.org\/2022\/wp-json\/wp\/v2\/pages"}],"about":[{"href":"https:\/\/www.icin-conference.org\/2022\/wp-json\/wp\/v2\/types\/page"}],"author":[{"embeddable":true,"href":"https:\/\/www.icin-conference.org\/2022\/wp-json\/wp\/v2\/users\/1"}],"replies":[{"embeddable":true,"href":"https:\/\/www.icin-conference.org\/2022\/wp-json\/wp\/v2\/comments?post=240"}],"version-history":[{"count":4,"href":"https:\/\/www.icin-conference.org\/2022\/wp-json\/wp\/v2\/pages\/240\/revisions"}],"predecessor-version":[{"id":372,"href":"https:\/\/www.icin-conference.org\/2022\/wp-json\/wp\/v2\/pages\/240\/revisions\/372"}],"wp:attachment":[{"href":"https:\/\/www.icin-conference.org\/2022\/wp-json\/wp\/v2\/media?parent=240"}],"curies":[{"name":"wp","href":"https:\/\/api.w.org\/{rel}","templated":true}]}}