{"id":194,"date":"2023-01-08T12:59:08","date_gmt":"2023-01-08T12:59:08","guid":{"rendered":"https:\/\/www.icin-conference.org\/?page_id=194"},"modified":"2023-01-08T13:00:19","modified_gmt":"2023-01-08T13:00:19","slug":"technical-program-committee","status":"publish","type":"page","link":"https:\/\/www.icin-conference.org\/2023\/technical-program-committee\/","title":{"rendered":"Technical Program Committee"},"content":{"rendered":"\n<h3 class=\"wp-block-heading\">Technical Program Committee<\/h3>\n\n\n\n<p><\/p>\n\n\n<table width=\"1055\">\n<tbody>\n<tr>\n<td width=\"259\">Tara Ali Yahiya<\/td>\n<td width=\"598\">Universite Paris Saclay<\/td>\n<td width=\"198\">France<\/td>\n<\/tr>\n<tr>\n<td>Martin Andreoni Lopez<\/td>\n<td>Technology Innovation Institute<\/td>\n<td>United Arab Emirates<\/td>\n<\/tr>\n<tr>\n<td>Hitoshi Asaeda<\/td>\n<td>National Institute of Information and Communications Technology (NICT)<\/td>\n<td>Japan<\/td>\n<\/tr>\n<tr>\n<td>Luigi Atzori<\/td>\n<td>University of Cagliari<\/td>\n<td>Italy<\/td>\n<\/tr>\n<tr>\n<td>Shanay Behrad<\/td>\n<td>IRT b-com<\/td>\n<td>France<\/td>\n<\/tr>\n<tr>\n<td>Paolo Bellavista<\/td>\n<td>University of Bologna<\/td>\n<td>Italy<\/td>\n<\/tr>\n<tr>\n<td>Hendrik Berndt<\/td>\n<td>ComTec, Universit\u00e4t Kassel<\/td>\n<td>Germany<\/td>\n<\/tr>\n<tr>\n<td>Davide Borsatti<\/td>\n<td>University of Bologna<\/td>\n<td>Italy<\/td>\n<\/tr>\n<tr>\n<td>Amina Boubendir<\/td>\n<td>Airbus Defence and Space<\/td>\n<td>France<\/td>\n<\/tr>\n<tr>\n<td>Mohamed Boucadair<\/td>\n<td>Orange<\/td>\n<td>France<\/td>\n<\/tr>\n<tr>\n<td>Naila Bouchemal<\/td>\n<td>ECE Paris<\/td>\n<td>France<\/td>\n<\/tr>\n<tr>\n<td>Raouf Boutaba<\/td>\n<td>University of Waterloo<\/td>\n<td>Canada<\/td>\n<\/tr>\n<tr>\n<td>Olivier Brun<\/td>\n<td>Laboratoire d&#8217;Analyse et d&#8217;Architecture des Systemes<\/td>\n<td>France<\/td>\n<\/tr>\n<tr>\n<td>Franco Callegati<\/td>\n<td>Universita` di Bologna<\/td>\n<td>Italy<\/td>\n<\/tr>\n<tr>\n<td>Haotong Cao<\/td>\n<td>The Hong Kong Polytechnic University<\/td>\n<td>Hong Kong<\/td>\n<\/tr>\n<tr>\n<td>Bruno Chatras<\/td>\n<td>none<\/td>\n<td>France<\/td>\n<\/tr>\n<tr>\n<td>Marc Cheboldaeff<\/td>\n<td>Cognizant<\/td>\n<td>Germany<\/td>\n<\/tr>\n<tr>\n<td>Prosper Chemouil<\/td>\n<td>Cnam<\/td>\n<td>France<\/td>\n<\/tr>\n<tr>\n<td>Antonio Cianfrani<\/td>\n<td>University of Rome Sapienza<\/td>\n<td>Italy<\/td>\n<\/tr>\n<tr>\n<td>Luis M. Contreras<\/td>\n<td>Telefonica<\/td>\n<td>Spain<\/td>\n<\/tr>\n<tr>\n<td>Estefania Coronado<\/td>\n<td>Fundaci\u00f3 i2CAT, Internet i Innovaci\u00f3 Digital a Catalunya<\/td>\n<td>Spain<\/td>\n<\/tr>\n<tr>\n<td>Noel Crespi<\/td>\n<td>Institut Mines-T\u00e9l\u00e9com, T\u00e9l\u00e9com SudParis<\/td>\n<td>France<\/td>\n<\/tr>\n<tr>\n<td>Fabio D&#8217;Andreagiovanni<\/td>\n<td>French National Centre for Scientific Research (CNRS)<\/td>\n<td>France<\/td>\n<\/tr>\n<tr>\n<td>Gianluca Davoli<\/td>\n<td>University of Bologna<\/td>\n<td>Italy<\/td>\n<\/tr>\n<tr>\n<td>Luca Davoli<\/td>\n<td>University of Parma<\/td>\n<td>Italy<\/td>\n<\/tr>\n<tr>\n<td>Sudharsan Dhamal Gopalarathnam<\/td>\n<td>Nvidia Redmond<\/td>\n<td>USA<\/td>\n<\/tr>\n<tr>\n<td>Mario Di Mauro<\/td>\n<td>University of Salerno<\/td>\n<td>Italy<\/td>\n<\/tr>\n<tr>\n<td>Emmanuel Dotaro<\/td>\n<td>Thales<\/td>\n<td>France<\/td>\n<\/tr>\n<tr>\n<td>Ilhem Fajjari<\/td>\n<td>Orange labs<\/td>\n<td>France<\/td>\n<\/tr>\n<tr>\n<td>Valerio Frascolla<\/td>\n<td>Intel Deutschland Gmbh<\/td>\n<td>Germany<\/td>\n<\/tr>\n<tr>\n<td>Alex Galis<\/td>\n<td>University College London (UCL)<\/td>\n<td>United Kingdom<\/td>\n<\/tr>\n<tr>\n<td>Fabrice Guillemin<\/td>\n<td>Orange Labs<\/td>\n<td>France<\/td>\n<\/tr>\n<tr>\n<td>G\u00fcrkan G\u00fcr<\/td>\n<td>Zurich University of Applied Sciences (ZHAW)<\/td>\n<td>Switzerland<\/td>\n<\/tr>\n<tr>\n<td>Tobias Ho\u00dffeld<\/td>\n<td>University of W\u00fcrzburg<\/td>\n<td>Germany<\/td>\n<\/tr>\n<tr>\n<td>Kai Huang<\/td>\n<td>Nanjing Agricultural University<\/td>\n<td>China<\/td>\n<\/tr>\n<tr>\n<td>Xiaodi Huang<\/td>\n<td>Charles Sturt University<\/td>\n<td>Australia<\/td>\n<\/tr>\n<tr>\n<td>Meriem Kassar<\/td>\n<td>University Tunis El Manar, ENIT, Communication Systems Laboratory<\/td>\n<td>Tunisia<\/td>\n<\/tr>\n<tr>\n<td>Slawomir Kuklinski<\/td>\n<td>Orange Polska<\/td>\n<td>Poland<\/td>\n<\/tr>\n<tr>\n<td>Axel K\u00fcpper<\/td>\n<td>TU Berlin<\/td>\n<td>Germany<\/td>\n<\/tr>\n<tr>\n<td>Jeremie Leguay<\/td>\n<td>Huawei Technologies, France Research Center<\/td>\n<td>France<\/td>\n<\/tr>\n<tr>\n<td>Aris Leivadeas<\/td>\n<td>\u00c9cole de Technologie Sup\u00e9rieure<\/td>\n<td>Canada<\/td>\n<\/tr>\n<tr>\n<td>Jun Liu<\/td>\n<td>Guangdong University of Technology<\/td>\n<td>China<\/td>\n<\/tr>\n<tr>\n<td>Xuan Liu<\/td>\n<td>Yangzhou University<\/td>\n<td>China<\/td>\n<\/tr>\n<tr>\n<td>Ye Liu<\/td>\n<td>Nanjing Agricultural University<\/td>\n<td>China<\/td>\n<\/tr>\n<tr>\n<td>H\u00e5kon L\u00f8nsethagen<\/td>\n<td>Telenor<\/td>\n<td>Norway<\/td>\n<\/tr>\n<tr>\n<td>Ricardo Macedo<\/td>\n<td>Federal University of Santa Maria<\/td>\n<td>Brazil<\/td>\n<\/tr>\n<tr>\n<td>Pedro Martinez-Julia<\/td>\n<td>National Institute of Information and Communications Technology<\/td>\n<td>Japan<\/td>\n<\/tr>\n<tr>\n<td>Barbara Martini<\/td>\n<td>Universitas Mercatorum<\/td>\n<td>Italy<\/td>\n<\/tr>\n<tr>\n<td>Rogier Noldus<\/td>\n<td>Ericsson<\/td>\n<td>The Netherlands<\/td>\n<\/tr>\n<tr>\n<td>John O&#8217;Connell<\/td>\n<td>Hewlett Packard Enterprise<\/td>\n<td>France<\/td>\n<\/tr>\n<tr>\n<td>Georgios Palaiokrassas<\/td>\n<td>Yale University<\/td>\n<td>USA<\/td>\n<\/tr>\n<tr>\n<td>Benoit Parrein<\/td>\n<td>LS2N, University of Nantes<\/td>\n<td>France<\/td>\n<\/tr>\n<tr>\n<td>Helge Parzyjegla<\/td>\n<td>University of Rostock<\/td>\n<td>Germany<\/td>\n<\/tr>\n<tr>\n<td>Guy Pujolle<\/td>\n<td>Sorbonne University<\/td>\n<td>France<\/td>\n<\/tr>\n<tr>\n<td>Roberto Riggio<\/td>\n<td>Universit\u00e0 Politecnica Delle Marche<\/td>\n<td>Italy<\/td>\n<\/tr>\n<tr>\n<td>Elisa Rojas<\/td>\n<td>Universidad de Alcal\u00e1<\/td>\n<td>Spain<\/td>\n<\/tr>\n<tr>\n<td>Fran\u00e7oise Sailhan<\/td>\n<td>IMT-Atlantique<\/td>\n<td>France<\/td>\n<\/tr>\n<tr>\n<td>Stefano Salsano<\/td>\n<td>University of Rome Tor Vergata<\/td>\n<td>Italy<\/td>\n<\/tr>\n<tr>\n<td>Aldri Santos<\/td>\n<td>Federal University of Minas Gerais (UFMG)<\/td>\n<td>Brazil<\/td>\n<\/tr>\n<tr>\n<td>Bessem Sayadi<\/td>\n<td>Nokia Bell-Labs<\/td>\n<td>France<\/td>\n<\/tr>\n<tr>\n<td>Muge Sayit<\/td>\n<td>Ege University<\/td>\n<td>Turkey<\/td>\n<\/tr>\n<tr>\n<td>Jean-Christophe Schiel<\/td>\n<td>Airbus Defence and Space<\/td>\n<td>France<\/td>\n<\/tr>\n<tr>\n<td>Stefano Secci<\/td>\n<td>Cnam<\/td>\n<td>France<\/td>\n<\/tr>\n<tr>\n<td>Kohei Shiomoto<\/td>\n<td>Tokyo City University<\/td>\n<td>Japan<\/td>\n<\/tr>\n<tr>\n<td>Domenico Siracusa<\/td>\n<td>Fondazione Bruno Kessler<\/td>\n<td>Italy<\/td>\n<\/tr>\n<tr>\n<td>Staffan Skogby<\/td>\n<td>Pictor Consulting AB<\/td>\n<td>Sweden<\/td>\n<\/tr>\n<tr>\n<td>Bruno Sousa<\/td>\n<td>University of Coimbra<\/td>\n<td>Portugal<\/td>\n<\/tr>\n<tr>\n<td>Kurt Tutschku<\/td>\n<td>Blekinge Institute of Technology<\/td>\n<td>Sweden<\/td>\n<\/tr>\n<tr>\n<td>Juanjo Unzilla<\/td>\n<td>University of the Basque Country<\/td>\n<td>Spain<\/td>\n<\/tr>\n<tr>\n<td>Chen Wang<\/td>\n<td>Huazhong University of Science and Technology<\/td>\n<td>China<\/td>\n<\/tr>\n<tr>\n<td>Tim Wauters<\/td>\n<td>Ghent University &#8211; imec<\/td>\n<td>Belgium<\/td>\n<\/tr>\n<tr>\n<td>Cedric Westphal<\/td>\n<td>Huawei Innovation Center<\/td>\n<td>USA<\/td>\n<\/tr>\n<tr>\n<td>Faqir Yousaf<\/td>\n<td>NEC Laboratories Europe GmbH<\/td>\n<td>Germany<\/td>\n<\/tr>\n<tr>\n<td>Tianwei Zhang<\/td>\n<td>Nanyang Technological University<\/td>\n<td>Singapore<\/td>\n<\/tr>\n<tr>\n<td>Tianzhu Zhang<\/td>\n<td>Nokia Bell Labs<\/td>\n<td>France<\/td>\n<\/tr>\n<\/tbody>\n<\/table>","protected":false},"excerpt":{"rendered":"<p>Technical Program Committee Tara Ali Yahiya &hellip; <a href=\"https:\/\/www.icin-conference.org\/2023\/technical-program-committee\/\">Continue reading <span class=\"meta-nav\">&rarr;<\/span><\/a><\/p>\n","protected":false},"author":1,"featured_media":0,"parent":0,"menu_order":0,"comment_status":"closed","ping_status":"closed","template":"","meta":{"footnotes":""},"class_list":["post-194","page","type-page","status-publish","hentry"],"yoast_head":"<!-- This site is optimized with the Yoast SEO plugin v19.13 - https:\/\/yoast.com\/wordpress\/plugins\/seo\/ -->\n<title>Technical Program Committee - ICIN 2023<\/title>\n<meta name=\"robots\" content=\"index, follow, max-snippet:-1, max-image-preview:large, max-video-preview:-1\" \/>\n<link rel=\"canonical\" href=\"https:\/\/www.icin-conference.org\/2023\/technical-program-committee\/\" \/>\n<meta property=\"og:locale\" content=\"en_US\" \/>\n<meta property=\"og:type\" content=\"article\" \/>\n<meta property=\"og:title\" content=\"Technical Program Committee - ICIN 2023\" \/>\n<meta property=\"og:description\" content=\"Technical Program Committee Tara Ali Yahiya &hellip; Continue reading &rarr;\" \/>\n<meta property=\"og:url\" content=\"https:\/\/www.icin-conference.org\/2023\/technical-program-committee\/\" \/>\n<meta property=\"og:site_name\" content=\"ICIN 2023\" \/>\n<meta property=\"article:modified_time\" content=\"2023-01-08T13:00:19+00:00\" \/>\n<meta name=\"twitter:card\" content=\"summary_large_image\" \/>\n<meta name=\"twitter:label1\" content=\"Est. reading time\" \/>\n\t<meta name=\"twitter:data1\" content=\"3 minutes\" \/>\n<script type=\"application\/ld+json\" class=\"yoast-schema-graph\">{\"@context\":\"https:\/\/schema.org\",\"@graph\":[{\"@type\":\"WebPage\",\"@id\":\"https:\/\/www.icin-conference.org\/2023\/technical-program-committee\/\",\"url\":\"https:\/\/www.icin-conference.org\/2023\/technical-program-committee\/\",\"name\":\"Technical Program Committee - ICIN 2023\",\"isPartOf\":{\"@id\":\"https:\/\/www.icin-conference.org\/2023\/#website\"},\"datePublished\":\"2023-01-08T12:59:08+00:00\",\"dateModified\":\"2023-01-08T13:00:19+00:00\",\"breadcrumb\":{\"@id\":\"https:\/\/www.icin-conference.org\/2023\/technical-program-committee\/#breadcrumb\"},\"inLanguage\":\"en-US\",\"potentialAction\":[{\"@type\":\"ReadAction\",\"target\":[\"https:\/\/www.icin-conference.org\/2023\/technical-program-committee\/\"]}]},{\"@type\":\"BreadcrumbList\",\"@id\":\"https:\/\/www.icin-conference.org\/2023\/technical-program-committee\/#breadcrumb\",\"itemListElement\":[{\"@type\":\"ListItem\",\"position\":1,\"name\":\"Home\",\"item\":\"https:\/\/www.icin-conference.org\/2023\/\"},{\"@type\":\"ListItem\",\"position\":2,\"name\":\"Technical Program Committee\"}]},{\"@type\":\"WebSite\",\"@id\":\"https:\/\/www.icin-conference.org\/2023\/#website\",\"url\":\"https:\/\/www.icin-conference.org\/2023\/\",\"name\":\"ICIN 2023\",\"description\":\"26th Conference on Innovation in Clouds, Internet and Networks\",\"publisher\":{\"@id\":\"https:\/\/www.icin-conference.org\/2023\/#organization\"},\"potentialAction\":[{\"@type\":\"SearchAction\",\"target\":{\"@type\":\"EntryPoint\",\"urlTemplate\":\"https:\/\/www.icin-conference.org\/2023\/?s={search_term_string}\"},\"query-input\":\"required name=search_term_string\"}],\"inLanguage\":\"en-US\"},{\"@type\":\"Organization\",\"@id\":\"https:\/\/www.icin-conference.org\/2023\/#organization\",\"name\":\"DNAC\",\"url\":\"https:\/\/www.icin-conference.org\/2023\/\",\"logo\":{\"@type\":\"ImageObject\",\"inLanguage\":\"en-US\",\"@id\":\"https:\/\/www.icin-conference.org\/2023\/#\/schema\/logo\/image\/\",\"url\":\"https:\/\/www.icin-conference.org\/wp-content\/uploads\/2022\/04\/Logo_DNAC_Haut_Res-768x303-1.png\",\"contentUrl\":\"https:\/\/www.icin-conference.org\/wp-content\/uploads\/2022\/04\/Logo_DNAC_Haut_Res-768x303-1.png\",\"width\":768,\"height\":303,\"caption\":\"DNAC\"},\"image\":{\"@id\":\"https:\/\/www.icin-conference.org\/2023\/#\/schema\/logo\/image\/\"}}]}<\/script>\n<!-- \/ Yoast SEO plugin. -->","yoast_head_json":{"title":"Technical Program Committee - ICIN 2023","robots":{"index":"index","follow":"follow","max-snippet":"max-snippet:-1","max-image-preview":"max-image-preview:large","max-video-preview":"max-video-preview:-1"},"canonical":"https:\/\/www.icin-conference.org\/2023\/technical-program-committee\/","og_locale":"en_US","og_type":"article","og_title":"Technical Program Committee - ICIN 2023","og_description":"Technical Program Committee Tara Ali Yahiya &hellip; Continue reading &rarr;","og_url":"https:\/\/www.icin-conference.org\/2023\/technical-program-committee\/","og_site_name":"ICIN 2023","article_modified_time":"2023-01-08T13:00:19+00:00","twitter_card":"summary_large_image","twitter_misc":{"Est. reading time":"3 minutes"},"schema":{"@context":"https:\/\/schema.org","@graph":[{"@type":"WebPage","@id":"https:\/\/www.icin-conference.org\/2023\/technical-program-committee\/","url":"https:\/\/www.icin-conference.org\/2023\/technical-program-committee\/","name":"Technical Program Committee - ICIN 2023","isPartOf":{"@id":"https:\/\/www.icin-conference.org\/2023\/#website"},"datePublished":"2023-01-08T12:59:08+00:00","dateModified":"2023-01-08T13:00:19+00:00","breadcrumb":{"@id":"https:\/\/www.icin-conference.org\/2023\/technical-program-committee\/#breadcrumb"},"inLanguage":"en-US","potentialAction":[{"@type":"ReadAction","target":["https:\/\/www.icin-conference.org\/2023\/technical-program-committee\/"]}]},{"@type":"BreadcrumbList","@id":"https:\/\/www.icin-conference.org\/2023\/technical-program-committee\/#breadcrumb","itemListElement":[{"@type":"ListItem","position":1,"name":"Home","item":"https:\/\/www.icin-conference.org\/2023\/"},{"@type":"ListItem","position":2,"name":"Technical Program Committee"}]},{"@type":"WebSite","@id":"https:\/\/www.icin-conference.org\/2023\/#website","url":"https:\/\/www.icin-conference.org\/2023\/","name":"ICIN 2023","description":"26th Conference on Innovation in Clouds, Internet and Networks","publisher":{"@id":"https:\/\/www.icin-conference.org\/2023\/#organization"},"potentialAction":[{"@type":"SearchAction","target":{"@type":"EntryPoint","urlTemplate":"https:\/\/www.icin-conference.org\/2023\/?s={search_term_string}"},"query-input":"required name=search_term_string"}],"inLanguage":"en-US"},{"@type":"Organization","@id":"https:\/\/www.icin-conference.org\/2023\/#organization","name":"DNAC","url":"https:\/\/www.icin-conference.org\/2023\/","logo":{"@type":"ImageObject","inLanguage":"en-US","@id":"https:\/\/www.icin-conference.org\/2023\/#\/schema\/logo\/image\/","url":"https:\/\/www.icin-conference.org\/wp-content\/uploads\/2022\/04\/Logo_DNAC_Haut_Res-768x303-1.png","contentUrl":"https:\/\/www.icin-conference.org\/wp-content\/uploads\/2022\/04\/Logo_DNAC_Haut_Res-768x303-1.png","width":768,"height":303,"caption":"DNAC"},"image":{"@id":"https:\/\/www.icin-conference.org\/2023\/#\/schema\/logo\/image\/"}}]}},"_links":{"self":[{"href":"https:\/\/www.icin-conference.org\/2023\/wp-json\/wp\/v2\/pages\/194","targetHints":{"allow":["GET"]}}],"collection":[{"href":"https:\/\/www.icin-conference.org\/2023\/wp-json\/wp\/v2\/pages"}],"about":[{"href":"https:\/\/www.icin-conference.org\/2023\/wp-json\/wp\/v2\/types\/page"}],"author":[{"embeddable":true,"href":"https:\/\/www.icin-conference.org\/2023\/wp-json\/wp\/v2\/users\/1"}],"replies":[{"embeddable":true,"href":"https:\/\/www.icin-conference.org\/2023\/wp-json\/wp\/v2\/comments?post=194"}],"version-history":[{"count":3,"href":"https:\/\/www.icin-conference.org\/2023\/wp-json\/wp\/v2\/pages\/194\/revisions"}],"predecessor-version":[{"id":197,"href":"https:\/\/www.icin-conference.org\/2023\/wp-json\/wp\/v2\/pages\/194\/revisions\/197"}],"wp:attachment":[{"href":"https:\/\/www.icin-conference.org\/2023\/wp-json\/wp\/v2\/media?parent=194"}],"curies":[{"name":"wp","href":"https:\/\/api.w.org\/{rel}","templated":true}]}}