{"id":76,"date":"2024-05-03T15:02:30","date_gmt":"2024-05-03T15:02:30","guid":{"rendered":"https:\/\/www.icin-conference.org\/?page_id=76"},"modified":"2025-03-22T14:04:37","modified_gmt":"2025-03-22T14:04:37","slug":"tpc","status":"publish","type":"page","link":"https:\/\/www.icin-conference.org\/2025\/tpc\/","title":{"rendered":"TPC"},"content":{"rendered":"\n<h2 class=\"wp-block-heading\"><strong><mark style=\"background-color:rgba(0, 0, 0, 0)\" class=\"has-inline-color has-vivid-cyan-blue-color\">Technical Program Committee<\/mark><\/strong><\/h2>\n\n\n<table width=\"785\">\n    <tbody>\n       <tr>\n          <td width=\"150\">Ahmed Abdelmoaty<\/td>\n          <td width=\"446\">Carleton University<\/td>\n          <td width=\"189\">Canada<\/td>\n       <\/tr>\n       <tr>\n          <td>Seyedeh Negar Afrasiabi<\/td>\n          <td>\u00c9cole de technologie sup\u00e9rieure<\/td>\n          <td>Canada<\/td>\n       <\/tr>\n       <tr>\n          <td>Martin Andreoni Lopez<\/td>\n          <td>Technology Innovation Institute<\/td>\n          <td>United Arab Emirates<\/td>\n       <\/tr>\n       <tr>\n          <td>Hitoshi Asaeda<\/td>\n          <td>National Institute of Information and Communications Technology (NICT)<\/td>\n          <td>Japan<\/td>\n       <\/tr>\n       <tr>\n          <td>Luigi Atzori<\/td>\n          <td>University of Cagliari<\/td>\n          <td>Italy<\/td>\n       <\/tr>\n       <tr>\n          <td>Paolo Bellavista<\/td>\n          <td>University of Bologna<\/td>\n          <td>Italy<\/td>\n       <\/tr>\n       <tr>\n          <td>Mohamed Boucadair<\/td>\n          <td>Orange<\/td>\n          <td>France<\/td>\n       <\/tr>\n       <tr>\n          <td>Saadi Boudjit<\/td>\n          <td>University Sorbonne Paris Nord<\/td>\n          <td>France<\/td>\n       <\/tr>\n       <tr>\n          <td>Olivier Brun<\/td>\n          <td>Laboratoire d&#8217;Analyse et d&#8217;Architecture des Systemes<\/td>\n          <td>France<\/td>\n       <\/tr>\n       <tr>\n          <td>Franco Callegati<\/td>\n          <td>Universita` di Bologna<\/td>\n          <td>Italy<\/td>\n       <\/tr>\n       <tr>\n          <td>Haotong Cao<\/td>\n          <td>The Hong Kong Polytechnic University<\/td>\n          <td>Hong Kong<\/td>\n       <\/tr>\n       <tr>\n          <td>Bruno Chatras<\/td>\n          <td>none<\/td>\n          <td>France<\/td>\n       <\/tr>\n       <tr>\n          <td>Marc Cheboldaeff<\/td>\n          <td>Cap Gemini<\/td>\n          <td>Germany<\/td>\n       <\/tr>\n       <tr>\n          <td>Elisa Rojas<\/td>\n          <td>Universidad de Alcal\u00e1<\/td>\n          <td>Spain<\/td>\n       <\/tr>\n       <tr>\n          <td>Alexander Clemm<\/td>\n          <td>Self<\/td>\n          <td>USA<\/td>\n       <\/tr>\n       <tr>\n          <td>Marica Amadeo<\/td>\n          <td>Universit\u00e0 degli Studi di Messina<\/td>\n          <td>Italy<\/td>\n       <\/tr>\n       <tr>\n          <td>Estefania Coronado<\/td>\n          <td>Universidad de Castilla-La Mancha<\/td>\n          <td>Spain<\/td>\n       <\/tr>\n       <tr>\n          <td>Noel Crespi<\/td>\n          <td>Institut Mines-T\u00e9l\u00e9com, T\u00e9l\u00e9com SudParis<\/td>\n          <td>France<\/td>\n       <\/tr>\n       <tr>\n          <td>Fabio D&#8217;Andreagiovanni<\/td>\n          <td>French National Centre for Scientific Research (CNRS)<\/td>\n          <td>France<\/td>\n       <\/tr>\n       <tr>\n          <td>Gianluca Davoli<\/td>\n          <td>University of Bologna<\/td>\n          <td>Italy<\/td>\n       <\/tr>\n       <tr>\n          <td>Luca Davoli<\/td>\n          <td>University of Parma<\/td>\n          <td>Italy<\/td>\n       <\/tr>\n       <tr>\n          <td>Mario Di Mauro<\/td>\n          <td>University of Salerno<\/td>\n          <td>Italy<\/td>\n       <\/tr>\n       <tr>\n          <td>Roberto Doriguzzi-Corin<\/td>\n          <td>Fondazione Bruno Kessler<\/td>\n          <td>Italy<\/td>\n       <\/tr>\n       <tr>\n          <td>Toerless Eckert<\/td>\n          <td>Futurewei USA<\/td>\n          <td>USA<\/td>\n       <\/tr>\n       <tr>\n          <td>Abderrahime Filali<\/td>\n          <td>Universit\u00e9 de Sherbrooke<\/td>\n          <td>Canada<\/td>\n       <\/tr>\n       <tr>\n          <td>Valerio Frascolla<\/td>\n          <td>Intel Deutschland Gmbh<\/td>\n          <td>Germany<\/td>\n       <\/tr>\n       <tr>\n          <td>Alex Galis<\/td>\n          <td>University College London (UCL)<\/td>\n          <td>United Kingdom (Great Britain)<\/td>\n       <\/tr>\n       <tr>\n          <td>Molka Gharbaoui<\/td>\n          <td>Scuola Superiore Sant&#8217;Anna<\/td>\n          <td>Italy<\/td>\n       <\/tr>\n       <tr>\n          <td>Fabrice M. Guillemin<\/td>\n          <td>Orange Labs<\/td>\n          <td>France<\/td>\n       <\/tr>\n       <tr>\n          <td>Carol Habib<\/td>\n          <td>Inria<\/td>\n          <td>France<\/td>\n       <\/tr>\n       <tr>\n          <td>Tobias Ho\u00dffeld<\/td>\n          <td>University of W\u00fcrzburg<\/td>\n          <td>Germany<\/td>\n       <\/tr>\n       <tr>\n          <td>Kai Huang<\/td>\n          <td>Jiangsu Academy of Agricultural Sciences<\/td>\n          <td>China<\/td>\n       <\/tr>\n       <tr>\n          <td>Vasileios Karyotis<\/td>\n          <td>Ionian University<\/td>\n          <td>Greece<\/td>\n       <\/tr>\n       <tr>\n          <td>Slawomir Kuklinski<\/td>\n          <td>Warsaw University of Technology<\/td>\n          <td>Poland<\/td>\n       <\/tr>\n       <tr>\n          <td>Axel K\u00fcpper<\/td>\n          <td>TU Berlin<\/td>\n          <td>Germany<\/td>\n       <\/tr>\n       <tr>\n          <td>Jeremie Leguay<\/td>\n          <td>Huawei Technologies, France Research Center<\/td>\n          <td>France<\/td>\n       <\/tr>\n       <tr>\n          <td>Aris Leivadeas<\/td>\n          <td>\u00c9cole de Technologie Sup\u00e9rieure<\/td>\n          <td>Canada<\/td>\n       <\/tr>\n       <tr>\n          <td>Jun Liu<\/td>\n          <td>Guangdong University of Technology<\/td>\n          <td>China<\/td>\n       <\/tr>\n       <tr>\n          <td>Ye Liu<\/td>\n          <td>Nanjing Agricultural University<\/td>\n          <td>China<\/td>\n       <\/tr>\n       <tr>\n          <td>Frank Loh<\/td>\n          <td>University of Wuerzburg<\/td>\n          <td>Germany<\/td>\n       <\/tr>\n       <tr>\n          <td>Diego Lopez-Pajares<\/td>\n          <td>Universidad de Alcal\u00e1<\/td>\n          <td>Spain<\/td>\n       <\/tr>\n       <tr>\n          <td>Lefteris Mamatas<\/td>\n          <td>University of Macedonia<\/td>\n          <td>Greece<\/td>\n       <\/tr>\n       <tr>\n          <td>Pedro Martinez-Julia<\/td>\n          <td>National Institute of Information and Communications Technology<\/td>\n          <td>Japan<\/td>\n       <\/tr>\n       <tr>\n          <td>Janise McNair<\/td>\n          <td>University of Florida<\/td>\n          <td>USA<\/td>\n       <\/tr>\n       <tr>\n          <td>Paolo Medagliani<\/td>\n          <td>Huawei Technologies Co. Ltd.<\/td>\n          <td>France<\/td>\n       <\/tr>\n       <tr>\n          <td>Carla Mouradian<\/td>\n          <td>Ericsson Research<\/td>\n          <td>Canada<\/td>\n       <\/tr>\n       <tr>\n          <td>Rogier Noldus<\/td>\n          <td>Ericsson<\/td>\n          <td>The Netherlands<\/td>\n       <\/tr>\n       <tr>\n          <td>Chrysa Papagianni<\/td>\n          <td>University of Amsterdam<\/td>\n          <td>The Netherlands<\/td>\n       <\/tr>\n       <tr>\n          <td>Helge Parzyjegla<\/td>\n          <td>University of Rostock<\/td>\n          <td>Germany<\/td>\n       <\/tr>\n       <tr>\n          <td>Sophia Petridou<\/td>\n          <td>University of Macedonia<\/td>\n          <td>Greece<\/td>\n       <\/tr>\n       <tr>\n          <td>Roberto Riggio<\/td>\n          <td>Universit\u00e0 Politecnica Delle Marche<\/td>\n          <td>Italy<\/td>\n       <\/tr>\n       <tr>\n          <td>Fran\u00e7oise Sailhan<\/td>\n          <td>IMT-Atlantique<\/td>\n          <td>France<\/td>\n       <\/tr>\n       <tr>\n          <td>Christian Salim<\/td>\n          <td>Junia<\/td>\n          <td>France<\/td>\n       <\/tr>\n       <tr>\n          <td>Stefano Salsano<\/td>\n          <td>University of Rome Tor Vergata<\/td>\n          <td>Italy<\/td>\n       <\/tr>\n       <tr>\n          <td>Aldri Santos<\/td>\n          <td>Federal University of Minas Gerais (UFMG)<\/td>\n          <td>Brazil<\/td>\n       <\/tr>\n       <tr>\n          <td>Jean-Christophe Schiel<\/td>\n          <td>Airbus Defence and Space<\/td>\n          <td>France<\/td>\n       <\/tr>\n       <tr>\n          <td>Stefano Secci<\/td>\n          <td>Cnam<\/td>\n          <td>France<\/td>\n       <\/tr>\n       <tr>\n          <td>Kohei Shiomoto<\/td>\n          <td>Tokyo City University<\/td>\n          <td>Japan<\/td>\n       <\/tr>\n       <tr>\n          <td>Reza Shokri Kalan<\/td>\n          <td>Digiturk<\/td>\n          <td>Turkey<\/td>\n       <\/tr>\n       <tr>\n          <td>Domenico Siracusa<\/td>\n          <td>Fondazione Bruno Kessler<\/td>\n          <td>Italy<\/td>\n       <\/tr>\n       <tr>\n          <td>Bruno Miguel Sousa<\/td>\n          <td>University of Coimbra<\/td>\n          <td>Portugal<\/td>\n       <\/tr>\n       <tr>\n          <td>Razvan Stanica<\/td>\n          <td>INSA Lyon<\/td>\n          <td>France<\/td>\n       <\/tr>\n       <tr>\n          <td>Kurt Tutschku<\/td>\n          <td>Blekinge Institute of Technology<\/td>\n          <td>Sweden<\/td>\n       <\/tr>\n       <tr>\n          <td>P\u00e1l Varga<\/td>\n          <td>Budapest University of Technology and Economics<\/td>\n          <td>Hungary<\/td>\n       <\/tr>\n       <tr>\n          <td>Chen Wang<\/td>\n          <td>Huazhong University of Science and Technology<\/td>\n          <td>China<\/td>\n       <\/tr>\n       <tr>\n          <td>Tim Wauters<\/td>\n          <td>Ghent University &#8211; Imec<\/td>\n          <td>Belgium<\/td>\n       <\/tr>\n       <tr>\n          <td>Cedric Westphal<\/td>\n          <td>Huawei Innovation Center<\/td>\n          <td>USA<\/td>\n       <\/tr>\n       <tr>\n          <td>Damien Wohwe Sambo<\/td>\n          <td>IMT Nord Europe<\/td>\n          <td>France<\/td>\n       <\/tr>\n       <tr>\n          <td>Mingyuan Zang<\/td>\n          <td>Technical University of Denmark<\/td>\n          <td>Denmark<\/td>\n       <\/tr>\n    <\/tbody>\n <\/table>","protected":false},"excerpt":{"rendered":"<p>Technical Program Committee Ahmed Abdelmoaty Carleton &hellip; <a href=\"https:\/\/www.icin-conference.org\/2025\/tpc\/\">Continue reading <span class=\"meta-nav\">&rarr;<\/span><\/a><\/p>\n","protected":false},"author":1,"featured_media":0,"parent":0,"menu_order":0,"comment_status":"closed","ping_status":"closed","template":"","meta":{"footnotes":""},"class_list":["post-76","page","type-page","status-publish","hentry"],"yoast_head":"<!-- This site is optimized with the Yoast SEO plugin v25.7 - https:\/\/yoast.com\/wordpress\/plugins\/seo\/ -->\n<title>TPC - ICIN 2025<\/title>\n<meta name=\"robots\" content=\"index, follow, max-snippet:-1, max-image-preview:large, max-video-preview:-1\" \/>\n<link rel=\"canonical\" href=\"https:\/\/www.icin-conference.org\/2025\/tpc\/\" \/>\n<meta property=\"og:locale\" content=\"en_US\" \/>\n<meta property=\"og:type\" content=\"article\" \/>\n<meta property=\"og:title\" content=\"TPC - ICIN 2025\" \/>\n<meta property=\"og:description\" content=\"Technical Program Committee Ahmed Abdelmoaty Carleton &hellip; Continue reading &rarr;\" \/>\n<meta property=\"og:url\" content=\"https:\/\/www.icin-conference.org\/2025\/tpc\/\" \/>\n<meta property=\"og:site_name\" content=\"ICIN 2025\" \/>\n<meta property=\"article:modified_time\" content=\"2025-03-22T14:04:37+00:00\" \/>\n<meta name=\"twitter:card\" content=\"summary_large_image\" \/>\n<meta name=\"twitter:label1\" content=\"Est. reading time\" \/>\n\t<meta name=\"twitter:data1\" content=\"2 minutes\" \/>\n<script type=\"application\/ld+json\" class=\"yoast-schema-graph\">{\"@context\":\"https:\/\/schema.org\",\"@graph\":[{\"@type\":\"WebPage\",\"@id\":\"https:\/\/www.icin-conference.org\/2025\/tpc\/\",\"url\":\"https:\/\/www.icin-conference.org\/2025\/tpc\/\",\"name\":\"TPC - ICIN 2025\",\"isPartOf\":{\"@id\":\"https:\/\/www.icin-conference.org\/2025\/#website\"},\"datePublished\":\"2024-05-03T15:02:30+00:00\",\"dateModified\":\"2025-03-22T14:04:37+00:00\",\"breadcrumb\":{\"@id\":\"https:\/\/www.icin-conference.org\/2025\/tpc\/#breadcrumb\"},\"inLanguage\":\"en-US\",\"potentialAction\":[{\"@type\":\"ReadAction\",\"target\":[\"https:\/\/www.icin-conference.org\/2025\/tpc\/\"]}]},{\"@type\":\"BreadcrumbList\",\"@id\":\"https:\/\/www.icin-conference.org\/2025\/tpc\/#breadcrumb\",\"itemListElement\":[{\"@type\":\"ListItem\",\"position\":1,\"name\":\"Home\",\"item\":\"https:\/\/www.icin-conference.org\/2025\/\"},{\"@type\":\"ListItem\",\"position\":2,\"name\":\"TPC\"}]},{\"@type\":\"WebSite\",\"@id\":\"https:\/\/www.icin-conference.org\/2025\/#website\",\"url\":\"https:\/\/www.icin-conference.org\/2025\/\",\"name\":\"ICIN 2025\",\"description\":\"28th Conference on Innovation in Clouds, Internet and Networks\",\"publisher\":{\"@id\":\"https:\/\/www.icin-conference.org\/2025\/#organization\"},\"potentialAction\":[{\"@type\":\"SearchAction\",\"target\":{\"@type\":\"EntryPoint\",\"urlTemplate\":\"https:\/\/www.icin-conference.org\/2025\/?s={search_term_string}\"},\"query-input\":{\"@type\":\"PropertyValueSpecification\",\"valueRequired\":true,\"valueName\":\"search_term_string\"}}],\"inLanguage\":\"en-US\"},{\"@type\":\"Organization\",\"@id\":\"https:\/\/www.icin-conference.org\/2025\/#organization\",\"name\":\"ICIN 2025\",\"url\":\"https:\/\/www.icin-conference.org\/2025\/\",\"logo\":{\"@type\":\"ImageObject\",\"inLanguage\":\"en-US\",\"@id\":\"https:\/\/www.icin-conference.org\/2025\/#\/schema\/logo\/image\/\",\"url\":\"https:\/\/www.icin-conference.org\/2025\/wp-content\/uploads\/2024\/05\/cropped-ICIN-2025-Logo-favicon.png\",\"contentUrl\":\"https:\/\/www.icin-conference.org\/2025\/wp-content\/uploads\/2024\/05\/cropped-ICIN-2025-Logo-favicon.png\",\"width\":150,\"height\":150,\"caption\":\"ICIN 2025\"},\"image\":{\"@id\":\"https:\/\/www.icin-conference.org\/2025\/#\/schema\/logo\/image\/\"}}]}<\/script>\n<!-- \/ Yoast SEO plugin. -->","yoast_head_json":{"title":"TPC - ICIN 2025","robots":{"index":"index","follow":"follow","max-snippet":"max-snippet:-1","max-image-preview":"max-image-preview:large","max-video-preview":"max-video-preview:-1"},"canonical":"https:\/\/www.icin-conference.org\/2025\/tpc\/","og_locale":"en_US","og_type":"article","og_title":"TPC - ICIN 2025","og_description":"Technical Program Committee Ahmed Abdelmoaty Carleton &hellip; Continue reading &rarr;","og_url":"https:\/\/www.icin-conference.org\/2025\/tpc\/","og_site_name":"ICIN 2025","article_modified_time":"2025-03-22T14:04:37+00:00","twitter_card":"summary_large_image","twitter_misc":{"Est. reading time":"2 minutes"},"schema":{"@context":"https:\/\/schema.org","@graph":[{"@type":"WebPage","@id":"https:\/\/www.icin-conference.org\/2025\/tpc\/","url":"https:\/\/www.icin-conference.org\/2025\/tpc\/","name":"TPC - ICIN 2025","isPartOf":{"@id":"https:\/\/www.icin-conference.org\/2025\/#website"},"datePublished":"2024-05-03T15:02:30+00:00","dateModified":"2025-03-22T14:04:37+00:00","breadcrumb":{"@id":"https:\/\/www.icin-conference.org\/2025\/tpc\/#breadcrumb"},"inLanguage":"en-US","potentialAction":[{"@type":"ReadAction","target":["https:\/\/www.icin-conference.org\/2025\/tpc\/"]}]},{"@type":"BreadcrumbList","@id":"https:\/\/www.icin-conference.org\/2025\/tpc\/#breadcrumb","itemListElement":[{"@type":"ListItem","position":1,"name":"Home","item":"https:\/\/www.icin-conference.org\/2025\/"},{"@type":"ListItem","position":2,"name":"TPC"}]},{"@type":"WebSite","@id":"https:\/\/www.icin-conference.org\/2025\/#website","url":"https:\/\/www.icin-conference.org\/2025\/","name":"ICIN 2025","description":"28th Conference on Innovation in Clouds, Internet and Networks","publisher":{"@id":"https:\/\/www.icin-conference.org\/2025\/#organization"},"potentialAction":[{"@type":"SearchAction","target":{"@type":"EntryPoint","urlTemplate":"https:\/\/www.icin-conference.org\/2025\/?s={search_term_string}"},"query-input":{"@type":"PropertyValueSpecification","valueRequired":true,"valueName":"search_term_string"}}],"inLanguage":"en-US"},{"@type":"Organization","@id":"https:\/\/www.icin-conference.org\/2025\/#organization","name":"ICIN 2025","url":"https:\/\/www.icin-conference.org\/2025\/","logo":{"@type":"ImageObject","inLanguage":"en-US","@id":"https:\/\/www.icin-conference.org\/2025\/#\/schema\/logo\/image\/","url":"https:\/\/www.icin-conference.org\/2025\/wp-content\/uploads\/2024\/05\/cropped-ICIN-2025-Logo-favicon.png","contentUrl":"https:\/\/www.icin-conference.org\/2025\/wp-content\/uploads\/2024\/05\/cropped-ICIN-2025-Logo-favicon.png","width":150,"height":150,"caption":"ICIN 2025"},"image":{"@id":"https:\/\/www.icin-conference.org\/2025\/#\/schema\/logo\/image\/"}}]}},"_links":{"self":[{"href":"https:\/\/www.icin-conference.org\/2025\/wp-json\/wp\/v2\/pages\/76","targetHints":{"allow":["GET"]}}],"collection":[{"href":"https:\/\/www.icin-conference.org\/2025\/wp-json\/wp\/v2\/pages"}],"about":[{"href":"https:\/\/www.icin-conference.org\/2025\/wp-json\/wp\/v2\/types\/page"}],"author":[{"embeddable":true,"href":"https:\/\/www.icin-conference.org\/2025\/wp-json\/wp\/v2\/users\/1"}],"replies":[{"embeddable":true,"href":"https:\/\/www.icin-conference.org\/2025\/wp-json\/wp\/v2\/comments?post=76"}],"version-history":[{"count":9,"href":"https:\/\/www.icin-conference.org\/2025\/wp-json\/wp\/v2\/pages\/76\/revisions"}],"predecessor-version":[{"id":1485,"href":"https:\/\/www.icin-conference.org\/2025\/wp-json\/wp\/v2\/pages\/76\/revisions\/1485"}],"wp:attachment":[{"href":"https:\/\/www.icin-conference.org\/2025\/wp-json\/wp\/v2\/media?parent=76"}],"curies":[{"name":"wp","href":"https:\/\/api.w.org\/{rel}","templated":true}]}}