{"id":148,"date":"2025-07-10T11:38:02","date_gmt":"2025-07-10T11:38:02","guid":{"rendered":"https:\/\/www.icin-conference.org\/?page_id=148"},"modified":"2026-04-01T07:15:54","modified_gmt":"2026-04-01T07:15:54","slug":"tpc","status":"publish","type":"page","link":"https:\/\/www.icin-conference.org\/2026\/tpc\/","title":{"rendered":"TPC"},"content":{"rendered":"\n<h2 class=\"wp-block-heading\"><strong><mark style=\"background-color:rgba(0, 0, 0, 0)\" class=\"has-inline-color has-vivid-cyan-blue-color\">Technical Program Committee<\/mark><\/strong><\/h2>\n\n\n<table width=\"505\">\n<tbody>\n<tr>\n<td width=\"91\">Given name<\/td>\n<td width=\"103\">Surname<\/td>\n<td width=\"220\">Affiliation<\/td>\n<td width=\"91\">Country name<\/td>\n<\/tr>\n<tr>\n<td width=\"91\">Hossam<\/td>\n<td width=\"103\">Afifi<\/td>\n<td width=\"220\">T\u00e9l\u00e9com SudParis, Institut Telecom<\/td>\n<td width=\"91\">France<\/td>\n<\/tr>\n<tr>\n<td width=\"91\">Abdullah<\/td>\n<td width=\"103\">Alomari<\/td>\n<td width=\"220\">Albaha University<\/td>\n<td width=\"91\">Saudi Arabia<\/td>\n<\/tr>\n<tr>\n<td width=\"91\">Marica<\/td>\n<td width=\"103\">Amadeo<\/td>\n<td width=\"220\">University of Messina<\/td>\n<td width=\"91\">Italy<\/td>\n<\/tr>\n<tr>\n<td width=\"91\">Yassir<\/td>\n<td width=\"103\">Amami<\/td>\n<td width=\"220\">Centre Inria d&#8217;Universit\u00e9 C\u00f4te d&#8217;Azur<\/td>\n<td width=\"91\">\n<p>France<\/p>\n<\/td>\n<\/tr>\n<tr>\n<td width=\"91\">\n<p>Habib M.\u00a0\u00a0<\/p>\n<p>&nbsp;<\/p>\n<p>&nbsp;<\/p>\n<p>Angelos<\/p>\n<\/td>\n<td width=\"103\">\n<p>Ammari\u00a0<\/p>\n<p>&nbsp;<\/p>\n<p>&nbsp;<\/p>\n<p>Antonopoulos<\/p>\n<\/td>\n<td width=\"220\">\n<p>Texas A&amp;M International University<\/p>\n<p>&nbsp;<\/p>\n<p>Nearby Computing<\/p>\n<\/td>\n<td width=\"91\">\n<p>USA<\/p>\n<p>&nbsp;<\/p>\n<p>&nbsp;<\/p>\n<p>Spain<\/p>\n<\/td>\n<\/tr>\n<tr>\n<td width=\"91\">Hitoshi<\/td>\n<td width=\"103\">Asaeda<\/td>\n<td width=\"220\">National Institute of Information and Communications Technology (NICT)<\/td>\n<td width=\"91\">Japan<\/td>\n<\/tr>\n<tr>\n<td width=\"91\">Elias<\/td>\n<td width=\"103\">Athanasopoulos<\/td>\n<td width=\"220\">University of Cyprus<\/td>\n<td width=\"91\">Cyprus<\/td>\n<\/tr>\n<tr>\n<td width=\"91\">Luigi<\/td>\n<td width=\"103\">Atzori<\/td>\n<td width=\"220\">University of Cagliari<\/td>\n<td width=\"91\">Italy<\/td>\n<\/tr>\n<tr>\n<td width=\"91\">Marios<\/td>\n<td width=\"103\">Avgeris<\/td>\n<td width=\"220\">University of Amsterdam<\/td>\n<td width=\"91\">The Netherlands<\/td>\n<\/tr>\n<tr>\n<td width=\"91\">Shujaatali<\/td>\n<td width=\"103\">Badami<\/td>\n<td width=\"220\">\u00a0<\/td>\n<td width=\"91\">USA<\/td>\n<\/tr>\n<tr>\n<td width=\"91\">Maria Lamprini<\/td>\n<td width=\"103\">Bartsioka<\/td>\n<td width=\"220\">National Technical University of Athens<\/td>\n<td width=\"91\">Greece<\/td>\n<\/tr>\n<tr>\n<td width=\"91\">Ioannis<\/td>\n<td width=\"103\">Bartsiokas<\/td>\n<td width=\"220\">National Technical University of Athens<\/td>\n<td width=\"91\">Greece<\/td>\n<\/tr>\n<tr>\n<td width=\"91\">Stylianos<\/td>\n<td width=\"103\">Basagiannis<\/td>\n<td width=\"220\">International Hellenic University Greece<\/td>\n<td width=\"91\">Greece<\/td>\n<\/tr>\n<tr>\n<td width=\"91\">Paolo<\/td>\n<td width=\"103\">Bellavista<\/td>\n<td width=\"220\">University of Bologna<\/td>\n<td width=\"91\">Italy<\/td>\n<\/tr>\n<tr>\n<td width=\"91\">Solomon<\/td>\n<td width=\"103\">Berhe<\/td>\n<td width=\"220\">University of the Pacific<\/td>\n<td width=\"91\">USA<\/td>\n<\/tr>\n<tr>\n<td width=\"91\">Monowar<\/td>\n<td width=\"103\">Bhuyan<\/td>\n<td width=\"220\">Ume\u00e5 University<\/td>\n<td width=\"91\">Sweden<\/td>\n<\/tr>\n<tr>\n<td width=\"91\">Davide<\/td>\n<td width=\"103\">Borsatti<\/td>\n<td width=\"220\">University of Bologna<\/td>\n<td width=\"91\">Italy<\/td>\n<\/tr>\n<tr>\n<td width=\"91\">Haifa<\/td>\n<td width=\"103\">Boubakri<\/td>\n<td width=\"220\">Tunisia Technology Center<\/td>\n<td width=\"91\">Tunisia<\/td>\n<\/tr>\n<tr>\n<td width=\"91\">Mohamed<\/td>\n<td width=\"103\">Boucadair<\/td>\n<td width=\"220\">Orange<\/td>\n<td width=\"91\">France<\/td>\n<\/tr>\n<tr>\n<td width=\"91\">Christos<\/td>\n<td width=\"103\">Bouras<\/td>\n<td width=\"220\">University of Patras &#8211; ELKE<\/td>\n<td width=\"91\">Greece<\/td>\n<\/tr>\n<tr>\n<td width=\"91\">David<\/td>\n<td width=\"103\">Breitgand<\/td>\n<td width=\"220\">IBM Research \u2014 Haifa<\/td>\n<td width=\"91\">Israel<\/td>\n<\/tr>\n<tr>\n<td width=\"91\">Fabio<\/td>\n<td width=\"103\">Busacca<\/td>\n<td width=\"220\">University of Catania<\/td>\n<td width=\"91\">Italy<\/td>\n<\/tr>\n<tr>\n<td width=\"91\">Franco<\/td>\n<td width=\"103\">Callegati<\/td>\n<td width=\"220\">Universita` di Bologna<\/td>\n<td width=\"91\">Italy<\/td>\n<\/tr>\n<tr>\n<td width=\"91\">Haotong<\/td>\n<td width=\"103\">Cao<\/td>\n<td width=\"220\">The Hong Kong Polytechnic University<\/td>\n<td width=\"91\">Hong Kong<\/td>\n<\/tr>\n<tr>\n<td width=\"91\">Andrea<\/td>\n<td width=\"103\">Caruso<\/td>\n<td width=\"220\">University of Catania<\/td>\n<td width=\"91\">Italy<\/td>\n<\/tr>\n<tr>\n<td width=\"91\">Bruno<\/td>\n<td width=\"103\">Chatras<\/td>\n<td width=\"220\">Self-Employed<\/td>\n<td width=\"91\">France<\/td>\n<\/tr>\n<tr>\n<td width=\"91\">Marc<\/td>\n<td width=\"103\">Cheboldaeff<\/td>\n<td width=\"220\">Cap Gemini<\/td>\n<td width=\"91\">Germany<\/td>\n<\/tr>\n<tr>\n<td width=\"91\">Sowmya<\/td>\n<td width=\"103\">Chintakindi<\/td>\n<td width=\"220\">ConglomerateIT<\/td>\n<td width=\"91\">USA<\/td>\n<\/tr>\n<tr>\n<td width=\"91\">Shihabur<\/td>\n<td width=\"103\">Chowdhury<\/td>\n<td width=\"220\">Apple<\/td>\n<td width=\"91\">USA<\/td>\n<\/tr>\n<tr>\n<td width=\"91\">Antonio<\/td>\n<td width=\"103\">Cianfrani<\/td>\n<td width=\"220\">University of Molise<\/td>\n<td width=\"91\">Italy<\/td>\n<\/tr>\n<tr>\n<td width=\"91\">Alexander<\/td>\n<td width=\"103\">Clemm<\/td>\n<td width=\"220\">Self<\/td>\n<td width=\"91\">USA<\/td>\n<\/tr>\n<tr>\n<td width=\"91\">Luis<\/td>\n<td width=\"103\">Contreras<\/td>\n<td width=\"220\">Telefonica<\/td>\n<td width=\"91\">Spain<\/td>\n<\/tr>\n<tr>\n<td width=\"91\">Estefania<\/td>\n<td width=\"103\">Coronado<\/td>\n<td width=\"220\">Universidad de Castilla-La Mancha<\/td>\n<td width=\"91\">Spain<\/td>\n<\/tr>\n<tr>\n<td width=\"91\">Daniel<\/td>\n<td width=\"103\">Corujo<\/td>\n<td width=\"220\">University of Aveiro<\/td>\n<td width=\"91\">Portugal<\/td>\n<\/tr>\n<tr>\n<td width=\"91\">Noel<\/td>\n<td width=\"103\">Crespi<\/td>\n<td width=\"220\">Institut Mines-T\u00e9l\u00e9com, T\u00e9l\u00e9com SudParis<\/td>\n<td width=\"91\">France<\/td>\n<\/tr>\n<tr>\n<td width=\"91\">Daniele<\/td>\n<td width=\"103\">Croce<\/td>\n<td width=\"220\">University of Palermo<\/td>\n<td width=\"91\">Italy<\/td>\n<\/tr>\n<tr>\n<td width=\"91\">Fabio<\/td>\n<td width=\"103\">D\u2019Andreagiovanni<\/td>\n<td width=\"220\">University of Modena and Reggio Emilia<\/td>\n<td width=\"91\">Italy<\/td>\n<\/tr>\n<tr>\n<td width=\"91\">Gianluca<\/td>\n<td width=\"103\">Davoli<\/td>\n<td width=\"220\">University of Bologna<\/td>\n<td width=\"91\">Italy<\/td>\n<\/tr>\n<tr>\n<td width=\"91\">Luca<\/td>\n<td width=\"103\">Davoli<\/td>\n<td width=\"220\">University of Parma<\/td>\n<td width=\"91\">Italy<\/td>\n<\/tr>\n<tr>\n<td width=\"91\">Mario<\/td>\n<td width=\"103\">Di Mauro<\/td>\n<td width=\"220\">University of Salerno<\/td>\n<td width=\"91\">Italy<\/td>\n<\/tr>\n<tr>\n<td width=\"91\">Christos<\/td>\n<td width=\"103\">Douligeris<\/td>\n<td width=\"220\">University of Piraeus<\/td>\n<td width=\"91\">Greece<\/td>\n<\/tr>\n<tr>\n<td width=\"91\">Cecilia<\/td>\n<td width=\"103\">Duran<\/td>\n<td width=\"220\">Texas A&amp;M International University<\/td>\n<td width=\"91\">USA<\/td>\n<\/tr>\n<tr>\n<td width=\"91\">Ayush<\/td>\n<td width=\"103\">Dusia<\/td>\n<td width=\"220\">Peraton Labs<\/td>\n<td width=\"91\">USA<\/td>\n<\/tr>\n<tr>\n<td width=\"91\">Amin<\/td>\n<td width=\"103\">Ebrahimzadeh<\/td>\n<td width=\"220\">Concordia University<\/td>\n<td width=\"91\">Canada<\/td>\n<\/tr>\n<tr>\n<td width=\"91\">Toerless<\/td>\n<td width=\"103\">Eckert<\/td>\n<td width=\"220\">Futurewei USA<\/td>\n<td width=\"91\">USA<\/td>\n<\/tr>\n<tr>\n<td width=\"91\">Rafael<\/td>\n<td width=\"103\">Esteves<\/td>\n<td width=\"220\">IFRS<\/td>\n<td width=\"91\">Brazil<\/td>\n<\/tr>\n<tr>\n<td width=\"91\">Tiago<\/td>\n<td width=\"103\">Ferreto<\/td>\n<td width=\"220\">PUC-RS<\/td>\n<td width=\"91\">Brazil<\/td>\n<\/tr>\n<tr>\n<td width=\"91\">Abderrahime<\/td>\n<td width=\"103\">Filali<\/td>\n<td width=\"220\">Ecole de Technologie Superieure (\u00c9TS)<\/td>\n<td width=\"91\">Canada<\/td>\n<\/tr>\n<tr>\n<td width=\"91\">Valerio<\/td>\n<td width=\"103\">Frascolla<\/td>\n<td width=\"220\">Intel Deutschland GmbH<\/td>\n<td width=\"91\">Germany<\/td>\n<\/tr>\n<tr>\n<td width=\"91\">Hiroaki<\/td>\n<td width=\"103\">Fukuda<\/td>\n<td width=\"220\">Shibaura Institute of Technology<\/td>\n<td width=\"91\">Japan<\/td>\n<\/tr>\n<tr>\n<td width=\"91\">Jaime<\/td>\n<td width=\"103\">Gal\u00e1n-Jim\u00e9nez<\/td>\n<td width=\"220\">University of Extremadura<\/td>\n<td width=\"91\">Spain<\/td>\n<\/tr>\n<tr>\n<td width=\"91\">Alex<\/td>\n<td width=\"103\">Galis<\/td>\n<td width=\"220\">University College London (UCL)<\/td>\n<td width=\"91\">United Kingdom (Great Britain)<\/td>\n<\/tr>\n<tr>\n<td width=\"91\">Marios<\/td>\n<td width=\"103\">Gatzianas<\/td>\n<td width=\"220\">Aristotle University of Thessaloniki<\/td>\n<td width=\"91\">Greece<\/td>\n<\/tr>\n<tr>\n<td width=\"91\">Molka<\/td>\n<td width=\"103\">Gharbaoui<\/td>\n<td width=\"220\">Scuola Superiore Sant\u2019Anna<\/td>\n<td width=\"91\">Italy<\/td>\n<\/tr>\n<tr>\n<td width=\"91\">Alireza<\/td>\n<td width=\"103\">Ghasempour<\/td>\n<td width=\"220\">University of Applied Science and Technology<\/td>\n<td width=\"91\">Iran<\/td>\n<\/tr>\n<tr>\n<td width=\"91\">Federico<\/td>\n<td width=\"103\">Giarr\u00e9<\/td>\n<td width=\"220\">Hasso Plattner Institute<\/td>\n<td width=\"91\">Germany<\/td>\n<\/tr>\n<tr>\n<td width=\"91\">Apostolos<\/td>\n<td width=\"103\">Gkamas<\/td>\n<td width=\"220\">University of Ioannina<\/td>\n<td width=\"91\">Greece<\/td>\n<\/tr>\n<tr>\n<td width=\"91\">Dimitrios-Evangelos<\/td>\n<td width=\"103\">Gkogkos<\/td>\n<td width=\"220\">University of Macedonia<\/td>\n<td width=\"91\">Greece<\/td>\n<\/tr>\n<tr>\n<td width=\"91\">Giacomo<\/td>\n<td width=\"103\">Gori<\/td>\n<td width=\"220\">University of Bologna<\/td>\n<td width=\"91\">Italy<\/td>\n<\/tr>\n<tr>\n<td width=\"91\">Christian<\/td>\n<td width=\"103\">Grasso<\/td>\n<td width=\"220\">University of Catania<\/td>\n<td width=\"91\">Italy<\/td>\n<\/tr>\n<tr>\n<td width=\"91\">Carol<\/td>\n<td width=\"103\">Habib<\/td>\n<td width=\"220\">Inria<\/td>\n<td width=\"91\">France<\/td>\n<\/tr>\n<tr>\n<td width=\"91\">Md Rafid<\/td>\n<td width=\"103\">Haque<\/td>\n<td width=\"220\">Islamic University of Technology, Gazipur<\/td>\n<td width=\"91\">Bangladesh<\/td>\n<\/tr>\n<tr>\n<td width=\"91\">Antoine<\/td>\n<td width=\"103\">Hitayezu<\/td>\n<td width=\"220\">National Taiwan University of Science and Technology<\/td>\n<td width=\"91\">Taiwan<\/td>\n<\/tr>\n<tr>\n<td width=\"91\">Tobias<\/td>\n<td width=\"103\">Ho\u00dffeld<\/td>\n<td width=\"220\">University of W\u00fcrzburg<\/td>\n<td width=\"91\">Germany<\/td>\n<\/tr>\n<tr>\n<td width=\"91\">Kai<\/td>\n<td width=\"103\">Huang<\/td>\n<td width=\"220\">Jiangsu Academy of Agricultural Sciences<\/td>\n<td width=\"91\">China<\/td>\n<\/tr>\n<tr>\n<td width=\"91\">Cheng-Feng<\/td>\n<td width=\"103\">Hung<\/td>\n<td width=\"220\">National Institute of Information and Communications Technology<\/td>\n<td width=\"91\">Japan<\/td>\n<\/tr>\n<tr>\n<td width=\"91\">Baskaran<\/td>\n<td width=\"103\">Jeyarajan<\/td>\n<td width=\"220\">IEEE Senior Member<\/td>\n<td width=\"91\">USA<\/td>\n<\/tr>\n<tr>\n<td width=\"91\">Ved<\/td>\n<td width=\"103\">Kafle<\/td>\n<td width=\"220\">National Institute of Information and Communications Technology<\/td>\n<td width=\"91\">Japan<\/td>\n<\/tr>\n<tr>\n<td width=\"91\">George<\/td>\n<td width=\"103\">Kalfas<\/td>\n<td width=\"220\">Aristotle University of Thessaloniki<\/td>\n<td width=\"91\">Greece<\/td>\n<\/tr>\n<tr>\n<td width=\"91\">Vyron Korpas<\/td>\n<td width=\"103\">Kamarianos<\/td>\n<td width=\"220\">University of Athens<\/td>\n<td width=\"91\">Greece<\/td>\n<\/tr>\n<tr>\n<td width=\"91\">Vasileios<\/td>\n<td width=\"103\">Karyotis<\/td>\n<td width=\"220\">Ionian University<\/td>\n<td width=\"91\">Greece<\/td>\n<\/tr>\n<tr>\n<td width=\"91\">Andreas<\/td>\n<td width=\"103\">Kassler<\/td>\n<td width=\"220\">Deggendorf Institute of Technology (DIT) &amp; Karlstad University<\/td>\n<td width=\"91\">Sweden<\/td>\n<\/tr>\n<tr>\n<td width=\"91\">Ravi Kiran<\/td>\n<td width=\"103\">Kodali<\/td>\n<td width=\"220\">Cognizant Technology Solutions<\/td>\n<td width=\"91\">USA<\/td>\n<\/tr>\n<tr>\n<td width=\"91\">Johan<\/td>\n<td width=\"103\">Kristiansson<\/td>\n<td width=\"220\">Lule\u00e5 University of Technology Lule\u00e5<\/td>\n<td width=\"91\">Sweden<\/td>\n<\/tr>\n<tr>\n<td width=\"91\">Slawomir<\/td>\n<td width=\"103\">Kuklinski<\/td>\n<td width=\"220\">Warsaw University of Technology<\/td>\n<td width=\"91\">Poland<\/td>\n<\/tr>\n<tr>\n<td width=\"91\">Axel<\/td>\n<td width=\"103\">K\u00fcpper<\/td>\n<td width=\"220\">TU Berlin<\/td>\n<td width=\"91\">Germany<\/td>\n<\/tr>\n<tr>\n<td width=\"91\">Jeremie<\/td>\n<td width=\"103\">Leguay<\/td>\n<td width=\"220\">Nokia Bell Labs<\/td>\n<td width=\"91\">France<\/td>\n<\/tr>\n<tr>\n<td width=\"91\">Aris<\/td>\n<td width=\"103\">Leivadeas<\/td>\n<td width=\"220\">\u00c9cole de Technologie Sup\u00e9rieure<\/td>\n<td width=\"91\">Canada<\/td>\n<\/tr>\n<tr>\n<td width=\"91\">Jun<\/td>\n<td width=\"103\">Liu<\/td>\n<td width=\"220\">Guangdong University of Technology<\/td>\n<td width=\"91\">China<\/td>\n<\/tr>\n<tr>\n<td width=\"91\">Ye<\/td>\n<td width=\"103\">Liu<\/td>\n<td width=\"220\">Yeshiva University<\/td>\n<td width=\"91\">USA<\/td>\n<\/tr>\n<tr>\n<td width=\"91\">Frank<\/td>\n<td width=\"103\">Loh<\/td>\n<td width=\"220\">University of Wuerzburg<\/td>\n<td width=\"91\">Germany<\/td>\n<\/tr>\n<tr>\n<td width=\"91\">Aziza<\/td>\n<td width=\"103\">Lounis<\/td>\n<td width=\"220\">DNAC<\/td>\n<td width=\"91\">France<\/td>\n<\/tr>\n<tr>\n<td width=\"91\">Francesco<\/td>\n<td width=\"103\">Malandrino<\/td>\n<td width=\"220\">CNR-IEIIT<\/td>\n<td width=\"91\">Italy<\/td>\n<\/tr>\n<tr>\n<td width=\"91\">Lefteris<\/td>\n<td width=\"103\">Mamatas<\/td>\n<td width=\"220\">University of Macedonia<\/td>\n<td width=\"91\">Greece<\/td>\n<\/tr>\n<tr>\n<td width=\"91\">Pedro<\/td>\n<td width=\"103\">Martinez-Julia<\/td>\n<td width=\"220\">National Institute of Information and Communications Technology<\/td>\n<td width=\"91\">Japan<\/td>\n<\/tr>\n<tr>\n<td width=\"91\">Paolo<\/td>\n<td width=\"103\">Medagliani<\/td>\n<td width=\"220\">Huawei Technologies Co. Ltd.<\/td>\n<td width=\"91\">France<\/td>\n<\/tr>\n<tr>\n<td width=\"91\">Andreas<\/td>\n<td width=\"103\">Menegatos<\/td>\n<td width=\"220\">University of Piraeus<\/td>\n<td width=\"91\">Greece<\/td>\n<\/tr>\n<tr>\n<td width=\"91\">Andreas<\/td>\n<td width=\"103\">Menychtas<\/td>\n<td width=\"220\">University of Piraeus<\/td>\n<td width=\"91\">Greece<\/td>\n<\/tr>\n<tr>\n<td width=\"91\">Agapi<\/td>\n<td width=\"103\">Mesodiakaki<\/td>\n<td width=\"220\">Aristotle University of Thessaloniki (AUTH)<\/td>\n<td width=\"91\">Greece<\/td>\n<\/tr>\n<tr>\n<td width=\"91\">Akshay<\/td>\n<td width=\"103\">Mittal<\/td>\n<td width=\"220\">University of the Cumberlands<\/td>\n<td width=\"91\">USA<\/td>\n<\/tr>\n<tr>\n<td width=\"91\">Antonella<\/td>\n<td width=\"103\">Molinaro<\/td>\n<td width=\"220\">University Mediterranea of Reggio Calabria<\/td>\n<td width=\"91\">Italy<\/td>\n<\/tr>\n<tr>\n<td width=\"91\">Rogier<\/td>\n<td width=\"103\">Noldus<\/td>\n<td width=\"220\">Ericsson<\/td>\n<td width=\"91\">The Netherlands<\/td>\n<\/tr>\n<tr>\n<td width=\"91\">Federica<\/td>\n<td width=\"103\">Paganelli<\/td>\n<td width=\"220\">University of Pisa<\/td>\n<td width=\"91\">Italy<\/td>\n<\/tr>\n<tr>\n<td width=\"91\">Georgios<\/td>\n<td width=\"103\">Palaiokrassas<\/td>\n<td width=\"220\">Yale University<\/td>\n<td width=\"91\">USA<\/td>\n<\/tr>\n<tr>\n<td width=\"91\">Kakia<\/td>\n<td width=\"103\">Panagidi<\/td>\n<td width=\"220\">National and Kapodistrian University of Athens<\/td>\n<td width=\"91\">Greece<\/td>\n<\/tr>\n<tr>\n<td width=\"91\">Emilio<\/td>\n<td width=\"103\">Paolini<\/td>\n<td width=\"220\">Scuola Superiore Sant&#8217;Anna<\/td>\n<td width=\"91\">Italy<\/td>\n<\/tr>\n<tr>\n<td width=\"91\">Panagiotis<\/td>\n<td width=\"103\">Papadimitriou<\/td>\n<td width=\"220\">University of Macedonia<\/td>\n<td width=\"91\">Greece<\/td>\n<\/tr>\n<tr>\n<td width=\"91\">Chrysa<\/td>\n<td width=\"103\">Papagianni<\/td>\n<td width=\"220\">University of Amsterdam<\/td>\n<td width=\"91\">The Netherlands<\/td>\n<\/tr>\n<tr>\n<td width=\"91\">Anastasios<\/td>\n<td width=\"103\">Papazafeiropoulos<\/td>\n<td width=\"220\">University of Hertfordshire<\/td>\n<td width=\"91\">United Kingdom (Great Britain)<\/td>\n<\/tr>\n<tr>\n<td width=\"91\">Helge<\/td>\n<td width=\"103\">Parzyjegla<\/td>\n<td width=\"220\">University of Rostock<\/td>\n<td width=\"91\">Germany<\/td>\n<\/tr>\n<tr>\n<td width=\"91\">Yashwant Singh<\/td>\n<td width=\"103\">Patel<\/td>\n<td width=\"220\">Atal Bihari Vajpayee-IIITM Gwalior<\/td>\n<td width=\"91\">India<\/td>\n<\/tr>\n<tr>\n<td width=\"91\">Ram Babu<\/td>\n<td width=\"103\">Penugonda<\/td>\n<td width=\"220\">Google<\/td>\n<td width=\"91\">USA<\/td>\n<\/tr>\n<tr>\n<td width=\"91\">Sophia<\/td>\n<td width=\"103\">Petridou<\/td>\n<td width=\"220\">University of Macedonia<\/td>\n<td width=\"91\">Greece<\/td>\n<\/tr>\n<tr>\n<td width=\"91\">Billy<\/td>\n<td width=\"103\">Pinheiro<\/td>\n<td width=\"220\">Amaz\u00f4nia Blockchain Solutions (Amachains)<\/td>\n<td width=\"91\">Brazil<\/td>\n<\/tr>\n<tr>\n<td width=\"91\">Gaetano Francesco<\/td>\n<td width=\"103\">Pittal\u00e0<\/td>\n<td width=\"220\">University of Bologna<\/td>\n<td width=\"91\">Italy<\/td>\n<\/tr>\n<tr>\n<td width=\"91\">Arthur<\/td>\n<td width=\"103\">Premont<\/td>\n<td width=\"220\">Institut Polytechnique de Paris<\/td>\n<td width=\"91\">France<\/td>\n<\/tr>\n<tr>\n<td width=\"91\">Corrado<\/td>\n<td width=\"103\">Puligheddu<\/td>\n<td width=\"220\">Politecnico di Torino<\/td>\n<td width=\"91\">Italy<\/td>\n<\/tr>\n<tr>\n<td width=\"91\">Raoul<\/td>\n<td width=\"103\">Raftopoulos<\/td>\n<td width=\"220\">University of Catania<\/td>\n<td width=\"91\">Italy<\/td>\n<\/tr>\n<tr>\n<td width=\"91\">Roberto<\/td>\n<td width=\"103\">Riggio<\/td>\n<td width=\"220\">Universit\u00e0 Politecnica Delle Marche<\/td>\n<td width=\"91\">Italy<\/td>\n<\/tr>\n<tr>\n<td width=\"91\">Lorenzo<\/td>\n<td width=\"103\">Rinieri<\/td>\n<td width=\"220\">Universit\u00e0 di Bologna<\/td>\n<td width=\"91\">Italy<\/td>\n<\/tr>\n<tr>\n<td width=\"91\">Elisa<\/td>\n<td width=\"103\">Rojas<\/td>\n<td width=\"220\">Universidad de Alcal\u00e1<\/td>\n<td width=\"91\">Spain<\/td>\n<\/tr>\n<tr>\n<td width=\"91\">Yasin<\/td>\n<td width=\"103\">Saedi<\/td>\n<td width=\"220\">University of Bologna<\/td>\n<td width=\"91\">Italy<\/td>\n<\/tr>\n<tr>\n<td width=\"91\">Fran\u00e7oise<\/td>\n<td width=\"103\">Sailhan<\/td>\n<td width=\"220\">IMT-Atlantique<\/td>\n<td width=\"91\">France<\/td>\n<\/tr>\n<tr>\n<td width=\"91\">Ilias<\/td>\n<td width=\"103\">Sakellariou<\/td>\n<td width=\"220\">University of Macedonia<\/td>\n<td width=\"91\">Greece<\/td>\n<\/tr>\n<tr>\n<td width=\"91\">Christian<\/td>\n<td width=\"103\">Salim<\/td>\n<td width=\"220\">Inria<\/td>\n<td width=\"91\">France<\/td>\n<\/tr>\n<tr>\n<td width=\"91\">Susana<\/td>\n<td width=\"103\">Sargento<\/td>\n<td width=\"220\">Universidade de Aveiro<\/td>\n<td width=\"91\">Portugal<\/td>\n<\/tr>\n<tr>\n<td width=\"91\">Giovanni<\/td>\n<td width=\"103\">Schembra<\/td>\n<td width=\"220\">University of Catania<\/td>\n<td width=\"91\">Italy<\/td>\n<\/tr>\n<tr>\n<td width=\"91\">Jean-Christophe<\/td>\n<td width=\"103\">Schiel<\/td>\n<td width=\"220\">Airbus Defence and Space<\/td>\n<td width=\"91\">France<\/td>\n<\/tr>\n<tr>\n<td width=\"91\">Stefano<\/td>\n<td width=\"103\">Secci<\/td>\n<td width=\"220\">Cnam<\/td>\n<td width=\"91\">France<\/td>\n<\/tr>\n<tr>\n<td width=\"91\">Maria<\/td>\n<td width=\"103\">Seimeni<\/td>\n<td width=\"220\">National Technical University of Athens<\/td>\n<td width=\"91\">Greece<\/td>\n<\/tr>\n<tr>\n<td width=\"91\">Kohei<\/td>\n<td width=\"103\">Shiomoto<\/td>\n<td width=\"220\">Tokyo City University<\/td>\n<td width=\"91\">Japan<\/td>\n<\/tr>\n<tr>\n<td width=\"91\">Domenico<\/td>\n<td width=\"103\">Siracusa<\/td>\n<td width=\"220\">University of Trento<\/td>\n<td width=\"91\">Italy<\/td>\n<\/tr>\n<tr>\n<td width=\"91\">Sotiris<\/td>\n<td width=\"103\">Skaperas<\/td>\n<td width=\"220\">University of Macedonia &amp; ATHENA Research and Innovation Center<\/td>\n<td width=\"91\">Greece<\/td>\n<\/tr>\n<tr>\n<td width=\"91\">Bruno<\/td>\n<td width=\"103\">Sousa<\/td>\n<td width=\"220\">University of Coimbra<\/td>\n<td width=\"91\">Portugal<\/td>\n<\/tr>\n<tr>\n<td width=\"91\">Burkhard<\/td>\n<td width=\"103\">Stiller<\/td>\n<td width=\"220\">University of Z\u00fcrich<\/td>\n<td width=\"91\">Switzerland<\/td>\n<\/tr>\n<tr>\n<td width=\"91\">Marios<\/td>\n<td width=\"103\">Touloupou<\/td>\n<td width=\"220\">Cyprus University of Technology<\/td>\n<td width=\"91\">Cyprus<\/td>\n<\/tr>\n<tr>\n<td width=\"91\">Daphne<\/td>\n<td width=\"103\">Tuncer<\/td>\n<td width=\"220\">Ecole nationale des ponts et chaussees, Institut Polytechnique de Paris<\/td>\n<td width=\"91\">France<\/td>\n<\/tr>\n<tr>\n<td width=\"91\">Kurt<\/td>\n<td width=\"103\">Tutschku<\/td>\n<td width=\"220\">Blekinge Institute of Technology<\/td>\n<td width=\"91\">Sweden<\/td>\n<\/tr>\n<tr>\n<td width=\"91\">P\u00e1l<\/td>\n<td width=\"103\">Varga<\/td>\n<td width=\"220\">Budapest University of Technology and Economics<\/td>\n<td width=\"91\">Hungary<\/td>\n<\/tr>\n<tr>\n<td width=\"91\">Costas<\/td>\n<td width=\"103\">Vassilakis<\/td>\n<td width=\"220\">University of the Peloponnese<\/td>\n<td width=\"91\">Greece<\/td>\n<\/tr>\n<tr>\n<td width=\"91\">Giacomo<\/td>\n<td width=\"103\">Verticale<\/td>\n<td width=\"220\">Politecnico di Milano<\/td>\n<td width=\"91\">Italy<\/td>\n<\/tr>\n<tr>\n<td width=\"91\">George<\/td>\n<td width=\"103\">Violettas<\/td>\n<td width=\"220\">SYSGO GmbH<\/td>\n<td width=\"91\">Germany<\/td>\n<\/tr>\n<tr>\n<td width=\"91\">Demosthenes<\/td>\n<td width=\"103\">Vouyioukas<\/td>\n<td width=\"220\">University of Piraeus<\/td>\n<td width=\"91\">Greece<\/td>\n<\/tr>\n<tr>\n<td width=\"91\">Tim<\/td>\n<td width=\"103\">Wauters<\/td>\n<td width=\"220\">Ghent University \u2013 Imec<\/td>\n<td width=\"91\">Belgium<\/td>\n<\/tr>\n<tr>\n<td width=\"91\">Cedric<\/td>\n<td width=\"103\">Westphal<\/td>\n<td width=\"220\">Huawei Innovation Center<\/td>\n<td width=\"91\">USA<\/td>\n<\/tr>\n<tr>\n<td width=\"91\">Damien<\/td>\n<td width=\"103\">Wohwe Sambo<\/td>\n<td width=\"220\">IMT Nord Europe<\/td>\n<td width=\"91\">France<\/td>\n<\/tr>\n<tr>\n<td width=\"91\">Nour El Houda<\/td>\n<td width=\"103\">Yellas<\/td>\n<td width=\"220\">Samovar, Telecom SudParis Institut Polytechnique de Paris, Palaiseau<\/td>\n<td width=\"91\">France<\/td>\n<\/tr>\n<\/tbody>\n<\/table>\n<p>&nbsp;<\/p>","protected":false},"excerpt":{"rendered":"<p>Technical Program Committee Given name Surname &hellip; <a href=\"https:\/\/www.icin-conference.org\/2026\/tpc\/\">Continue reading <span class=\"meta-nav\">&rarr;<\/span><\/a><\/p>\n","protected":false},"author":1,"featured_media":0,"parent":0,"menu_order":0,"comment_status":"closed","ping_status":"closed","template":"","meta":{"footnotes":""},"class_list":["post-148","page","type-page","status-publish","hentry"],"_links":{"self":[{"href":"https:\/\/www.icin-conference.org\/2026\/wp-json\/wp\/v2\/pages\/148","targetHints":{"allow":["GET"]}}],"collection":[{"href":"https:\/\/www.icin-conference.org\/2026\/wp-json\/wp\/v2\/pages"}],"about":[{"href":"https:\/\/www.icin-conference.org\/2026\/wp-json\/wp\/v2\/types\/page"}],"author":[{"embeddable":true,"href":"https:\/\/www.icin-conference.org\/2026\/wp-json\/wp\/v2\/users\/1"}],"replies":[{"embeddable":true,"href":"https:\/\/www.icin-conference.org\/2026\/wp-json\/wp\/v2\/comments?post=148"}],"version-history":[{"count":9,"href":"https:\/\/www.icin-conference.org\/2026\/wp-json\/wp\/v2\/pages\/148\/revisions"}],"predecessor-version":[{"id":614,"href":"https:\/\/www.icin-conference.org\/2026\/wp-json\/wp\/v2\/pages\/148\/revisions\/614"}],"wp:attachment":[{"href":"https:\/\/www.icin-conference.org\/2026\/wp-json\/wp\/v2\/media?parent=148"}],"curies":[{"name":"wp","href":"https:\/\/api.w.org\/{rel}","templated":true}]}}